{"id":124,"date":"2017-06-06T21:27:24","date_gmt":"2017-06-06T19:27:24","guid":{"rendered":"http:\/\/bootshaus-berlin.com\/?page_id=124"},"modified":"2019-02-08T14:45:36","modified_gmt":"2019-02-08T13:45:36","slug":"wochenendhaeuser","status":"publish","type":"page","link":"https:\/\/bootshaus-berlin.com\/index.php\/wochenendhaeuser\/","title":{"rendered":"Wochenendh\u00e4user"},"content":{"rendered":"  <section class=\"section\" id=\"section_1085352717\">\n      <div class=\"bg section-bg fill bg-fill  bg-loaded\" >\n\n        \n        <div class=\"section-bg-overlay absolute fill\"><\/div>\n        \n        \n        \n        \n\n      <\/div><!-- .section-bg -->\n\n      <div class=\"section-content relative\">\n        \n<div class=\"row row-large\"  id=\"row-1437738582\">\n<div class=\"col medium-6 small-12 large-6\"  ><div class=\"col-inner\"  >\n    <div class=\"img has-hover x md-x lg-x y md-y lg-y\" id=\"image_1967132636\">\n                <div class=\"img-inner dark\" >\n        <img width=\"245\" height=\"250\" src=\"https:\/\/bootshaus-berlin.com\/wp-content\/uploads\/2017\/06\/laube-bootshaus-berlin-2.jpg\" class=\"attachment-large size-large\" alt=\"\" loading=\"lazy\" \/>                \n            <\/div>\n                   \n<style scope=\"scope\">\n\n<\/style>\n    <\/div>\n    \n<\/div><\/div>\n<div class=\"col medium-6 small-12 large-6\"  ><div class=\"col-inner text-left\"  >\n<h2>Eine Laube, verkehrsg\u00fcnstig in Berlin und doch mitten im Gr\u00fcnen<\/h2>\n<p>Auch wenn Sie im Bootshaus St\u00f6\u00dfensee keinen Bootsliegeplatz gemietet haben, k\u00f6nnen Sie bei uns eine Laube oder ein kleines Wochenendhaus beziehen und selbstverst\u00e4ndlich alle unsere Einrichtungen nutzen.<\/p>\n<p>Das kleine Wochenendhaus liegt direkt am Wasser oder die Laube hat einen Wasserzugang. Jeder Mieter einer Laube kann sich also am Wasser aufhalten, angeln oder sich im Bootshaus ein Kanu oder Paddelboot mieten.<\/p>\n<p>Das Wochenendhaus verf\u00fcgt \u00fcber einen kleinen, abgeschlossenen und ruhigen Garten. Innen gibt es eine Kochnische, ein WC und Dusche.<br \/>\nNur die Mieter der kleinsten Laube nutzen die gepflegten Toiletten und die Dusche vom Bootshaus.<\/p>\n<p>Unsere freundliche, kleine Gastronomie steht w\u00e4hrend des Sommerhalbjahres f\u00fcr alle unsere Mieter und deren Besucher offen.<\/p>\n  <section class=\"section\" id=\"section_584047148\">\n      <div class=\"bg section-bg fill bg-fill  bg-loaded\" >\n\n        \n        \n        \n        \n        \n        \n\n      <\/div><!-- .section-bg -->\n\n      <div class=\"section-content relative\">\n        \n\n<div class=\"contactdata\" style=\"font-size: 110% !important;\"><a class=\"tooltip tooltipstered\" href=\"tel:030 3042547\"><i class=\"icon-phone\" style=\"font-size: 18px;\"><\/i>\u00a0\u00a0030 3042547<\/a>\n<br \/>\n<a class=\"tooltip tooltipstered\" href=\"mailto:info@bootshaus-berlin.com\"><i class=\"icon-envelop\" style=\"font-size: 18px;\"><\/i>\u00a0\u00a0info@bootshaus-berlin.com <\/a><\/div>\n\n      <\/div><!-- .section-content -->\n\n      \n<style scope=\"scope\">\n\n#section_584047148 {\n  padding-top: 30px;\n  padding-bottom: 30px;\n}\n<\/style>\n  <\/section>\n  \n<a href=\"https:\/\/bootshaus-berlin.com\/\" target=\"_self\" class=\"button primary\"  >\n    <span>zur\u00fcck zur Startseite<\/span>\n  <\/a>\n\n<\/div><\/div>\n\n<style scope=\"scope\">\n\n<\/style>\n<\/div>\n      <\/div><!-- .section-content -->\n\n      \n<style scope=\"scope\">\n\n#section_1085352717 {\n  padding-top: 60px;\n  padding-bottom: 60px;\n  background-color: rgb(193, 193, 193);\n}\n#section_1085352717 .section-bg-overlay {\n  background-color: rgba(255, 255, 255, 0.85);\n}\n<\/style>\n  <\/section>\n  \n","protected":false},"excerpt":{"rendered":"","protected":false},"author":1,"featured_media":0,"parent":0,"menu_order":0,"comment_status":"closed","ping_status":"closed","template":"","meta":[],"_links":{"self":[{"href":"https:\/\/bootshaus-berlin.com\/index.php\/wp-json\/wp\/v2\/pages\/124"}],"collection":[{"href":"https:\/\/bootshaus-berlin.com\/index.php\/wp-json\/wp\/v2\/pages"}],"about":[{"href":"https:\/\/bootshaus-berlin.com\/index.php\/wp-json\/wp\/v2\/types\/page"}],"author":[{"embeddable":true,"href":"https:\/\/bootshaus-berlin.com\/index.php\/wp-json\/wp\/v2\/users\/1"}],"replies":[{"embeddable":true,"href":"https:\/\/bootshaus-berlin.com\/index.php\/wp-json\/wp\/v2\/comments?post=124"}],"version-history":[{"count":5,"href":"https:\/\/bootshaus-berlin.com\/index.php\/wp-json\/wp\/v2\/pages\/124\/revisions"}],"predecessor-version":[{"id":418,"href":"https:\/\/bootshaus-berlin.com\/index.php\/wp-json\/wp\/v2\/pages\/124\/revisions\/418"}],"wp:attachment":[{"href":"https:\/\/bootshaus-berlin.com\/index.php\/wp-json\/wp\/v2\/media?parent=124"}],"curies":[{"name":"wp","href":"https:\/\/api.w.org\/{rel}","templated":true}]}}