{"id":48,"date":"2017-06-06T18:33:59","date_gmt":"2017-06-06T16:33:59","guid":{"rendered":"http:\/\/bootshaus-berlin.com\/?page_id=48"},"modified":"2019-02-08T14:44:42","modified_gmt":"2019-02-08T13:44:42","slug":"hallenplaetze","status":"publish","type":"page","link":"https:\/\/bootshaus-berlin.com\/index.php\/hallenplaetze\/","title":{"rendered":"Hallenpl\u00e4tze"},"content":{"rendered":"  <section class=\"section\" id=\"section_41341635\">\n      <div class=\"bg section-bg fill bg-fill  bg-loaded\" >\n\n        \n        <div class=\"section-bg-overlay absolute fill\"><\/div>\n        \n        \n        \n        \n\n      <\/div><!-- .section-bg -->\n\n      <div class=\"section-content relative\">\n        \n<div class=\"row row-large\"  id=\"row-392018460\">\n<div class=\"col medium-6 small-12 large-6\"  ><div class=\"col-inner\"  >\n    <div class=\"img has-hover x md-x lg-x y md-y lg-y\" id=\"image_1520801821\">\n                <div class=\"img-inner dark\" >\n        <img width=\"245\" height=\"250\" src=\"https:\/\/bootshaus-berlin.com\/wp-content\/uploads\/2017\/06\/kajak-bootshaus-berlin.jpg\" class=\"attachment-large size-large\" alt=\"\" loading=\"lazy\" \/>                \n            <\/div>\n                   \n<style scope=\"scope\">\n\n<\/style>\n    <\/div>\n    \n<\/div><\/div>\n<div class=\"col medium-6 small-12 large-6\"  ><div class=\"col-inner text-left\"  >\n<h2>Ein sicherer Hallenplatz f\u00fcr Ihr Kanu, Kajak oder Paddelboot<\/h2>\n<p>Direkt am Wasser gelegen, bietet unsere Bootshalle Liegepl\u00e4tze f\u00fcr Paddelboote, Kanus, Kajaks und auch f\u00fcr kleinere Schlauchboote. Einen Liegeplatz k\u00f6nnen Sie im Bootshaus St\u00f6\u00dfensee sehr g\u00fcnstig bereits ab \u20ac 14,- im Monat mieten.<\/p>\n<p>\nF\u00fcr Paddel, Kleidung und Ausr\u00fcstung gibt es bei uns Garderobenschr\u00e4nke. Neben modernen, sauberen Sanit\u00e4rr\u00e4umen finden Sie einen Umkleideraum und eine Dusche.\n<\/p>\n<p>Mit unserem kleinen Slipwagen lassen Sie Ihr Kajak oder Kanu \u00fcber eine Rampe, die direkt vor der Bootshalle liegt, ins Wasser und k\u00f6nnen dann Ihr Boot an einem Steg festmachen um bequem Ihre Ausr\u00fcstung an Bord zu bringen.\n<\/p>\n<p>Genie\u00dfen Sie doch nach einem Ausflug auf dem Wasser noch die sch\u00f6ne Natur auf unserer Liegewiese oder der kleinen Terasse unserer Gastronomie!<\/p>\n<div class=\"contactdata\" style=\"font-size:110% !important;\"><a href=\"tel:030 3042547\" class=\"tooltip tooltipstered\"><i class=\"icon-phone\" style=\"font-size:18px;\"><\/i><span>&nbsp;&nbsp;030 3042547<\/span><\/a><br \/><a href=\"mailto:info@bootshaus-berlin.com\" class=\"tooltip tooltipstered\"><i class=\"icon-envelop\" style=\"font-size:18px;\"><\/i><span>&nbsp;&nbsp;info@bootshaus-berlin.com<\/span> <\/a><\/div>\n<div class=\"gap-element\" style=\"display:block; height:auto; padding-top:30px\" class=\"clearfix\"><\/div>\n<a href=\"https:\/\/bootshaus-berlin.com\/\" target=\"_self\" class=\"button primary\"  >\n    <span>ZUR\u00dcCK ZUR STARTSEITE<\/span>\n  <\/a>\n\n<\/div><\/div>\n\n<style scope=\"scope\">\n\n<\/style>\n<\/div>\n      <\/div><!-- .section-content -->\n\n      \n<style scope=\"scope\">\n\n#section_41341635 {\n  padding-top: 60px;\n  padding-bottom: 60px;\n  background-color: rgb(193, 193, 193);\n}\n#section_41341635 .section-bg-overlay {\n  background-color: rgba(255, 255, 255, 0.85);\n}\n<\/style>\n  <\/section>\n  \n","protected":false},"excerpt":{"rendered":"","protected":false},"author":1,"featured_media":0,"parent":0,"menu_order":0,"comment_status":"closed","ping_status":"closed","template":"","meta":[],"_links":{"self":[{"href":"https:\/\/bootshaus-berlin.com\/index.php\/wp-json\/wp\/v2\/pages\/48"}],"collection":[{"href":"https:\/\/bootshaus-berlin.com\/index.php\/wp-json\/wp\/v2\/pages"}],"about":[{"href":"https:\/\/bootshaus-berlin.com\/index.php\/wp-json\/wp\/v2\/types\/page"}],"author":[{"embeddable":true,"href":"https:\/\/bootshaus-berlin.com\/index.php\/wp-json\/wp\/v2\/users\/1"}],"replies":[{"embeddable":true,"href":"https:\/\/bootshaus-berlin.com\/index.php\/wp-json\/wp\/v2\/comments?post=48"}],"version-history":[{"count":10,"href":"https:\/\/bootshaus-berlin.com\/index.php\/wp-json\/wp\/v2\/pages\/48\/revisions"}],"predecessor-version":[{"id":416,"href":"https:\/\/bootshaus-berlin.com\/index.php\/wp-json\/wp\/v2\/pages\/48\/revisions\/416"}],"wp:attachment":[{"href":"https:\/\/bootshaus-berlin.com\/index.php\/wp-json\/wp\/v2\/media?parent=48"}],"curies":[{"name":"wp","href":"https:\/\/api.w.org\/{rel}","templated":true}]}}